{"id":23914,"date":"2026-02-10T00:06:25","date_gmt":"2026-02-10T00:06:25","guid":{"rendered":"https:\/\/magnamulti.dk\/?page_id=23914"},"modified":"2026-02-19T08:55:47","modified_gmt":"2026-02-19T08:55:47","slug":"about-us","status":"publish","type":"page","link":"https:\/\/magnamulti.dk\/en\/about-us\/","title":{"rendered":"Om: Bygget p\u00e5 erfaring \u2013 udviklet til selvst\u00e6ndige fotografer"},"content":{"rendered":"<div data-elementor-type=\"wp-page\" data-elementor-id=\"23914\" class=\"elementor elementor-23914\">\n\t\t\t\t<div class=\"elementor-element elementor-element-c3060d4 sticky-section e-flex e-con-boxed e-con e-parent\" data-id=\"c3060d4\" data-element_type=\"container\" id=\"section1\" data-settings=\"{&quot;background_background&quot;:&quot;classic&quot;}\">\n\t\t\t\t\t<div class=\"e-con-inner\">\n\t\t<div class=\"elementor-element elementor-element-f42a165 e-con-full e-flex e-con e-child\" data-id=\"f42a165\" data-element_type=\"container\">\n\t\t\t\t<div class=\"elementor-element elementor-element-6962b53 animated-fast elementor-invisible elementor-widget elementor-widget-elementskit-heading\" data-id=\"6962b53\" data-element_type=\"widget\" data-settings=\"{&quot;_animation&quot;:&quot;fadeIn&quot;,&quot;_animation_delay&quot;:100,&quot;ekit_we_effect_on&quot;:&quot;none&quot;}\" data-widget_type=\"elementskit-heading.default\">\n\t\t\t\t<div class=\"elementor-widget-container\">\n\t\t\t\t\t<div class=\"ekit-wid-con\" ><div class=\"ekit-heading elementskit-section-title-wraper text_left   ekit_heading_tablet-   ekit_heading_mobile-\"><h6 class=\"elementskit-section-subtitle   ekit-heading__subtitle-has-border\">\n\t\t\t\t\t\tABOUT MAGNA MULTI\n\t\t\t\t\t<\/h6><h1 class=\"ekit-heading--title elementskit-section-title\">Built on <span><span>own experiences<\/span><\/span> to help other self-employed photographers<\/h1><\/div><\/div>\t\t\t\t<\/div>\n\t\t\t\t<\/div>\n\t\t\t\t<div class=\"elementor-element elementor-element-0741af8 elementor-icon-list--layout-traditional elementor-list-item-link-full_width elementor-widget elementor-widget-icon-list\" data-id=\"0741af8\" data-element_type=\"widget\" data-settings=\"{&quot;ekit_we_effect_on&quot;:&quot;none&quot;}\" data-widget_type=\"icon-list.default\">\n\t\t\t\t<div class=\"elementor-widget-container\">\n\t\t\t\t\t\t\t<ul class=\"elementor-icon-list-items\">\n\t\t\t\t\t\t\t<li class=\"elementor-icon-list-item\">\n\t\t\t\t\t\t\t\t\t\t\t<span class=\"elementor-icon-list-icon\">\n\t\t\t\t\t\t\t<i aria-hidden=\"true\" class=\"fas fa-check\"><\/i>\t\t\t\t\t\t<\/span>\n\t\t\t\t\t\t\t\t\t\t<span class=\"elementor-icon-list-text\"><strong>Less administration<\/strong><\/span>\n\t\t\t\t\t\t\t\t\t<\/li>\n\t\t\t\t\t\t\t\t<li class=\"elementor-icon-list-item\">\n\t\t\t\t\t\t\t\t\t\t\t<span class=\"elementor-icon-list-icon\">\n\t\t\t\t\t\t\t<i aria-hidden=\"true\" class=\"fas fa-check\"><\/i>\t\t\t\t\t\t<\/span>\n\t\t\t\t\t\t\t\t\t\t<span class=\"elementor-icon-list-text\"><strong>More freedom<\/strong><\/span>\n\t\t\t\t\t\t\t\t\t<\/li>\n\t\t\t\t\t\t\t\t<li class=\"elementor-icon-list-item\">\n\t\t\t\t\t\t\t\t\t\t\t<span class=\"elementor-icon-list-icon\">\n\t\t\t\t\t\t\t<i aria-hidden=\"true\" class=\"fas fa-check\"><\/i>\t\t\t\t\t\t<\/span>\n\t\t\t\t\t\t\t\t\t\t<span class=\"elementor-icon-list-text\"><strong>Full control over your business<\/strong><\/span>\n\t\t\t\t\t\t\t\t\t<\/li>\n\t\t\t\t\t\t<\/ul>\n\t\t\t\t\t\t<\/div>\n\t\t\t\t<\/div>\n\t\t\t\t<div class=\"elementor-element elementor-element-fa9d207 elementor-widget elementor-widget-text-editor\" data-id=\"fa9d207\" data-element_type=\"widget\" data-settings=\"{&quot;ekit_we_effect_on&quot;:&quot;none&quot;}\" data-widget_type=\"text-editor.default\">\n\t\t\t\t<div class=\"elementor-widget-container\">\n\t\t\t\t\t\t\t\t\t<p>In short, that's what self-employed photographers get with Magna Multi.<\/p><p>We developed our own booking system because we saw a huge <strong>Need to unify and automate multiple functions<\/strong> in one complete system that enables you to work more efficiently.<\/p><p>At the same time, we want to make it easier for photographers to work completely independently. <strong>Without hassle and long commitment periods.<\/strong><\/p>\t\t\t\t\t\t\t\t<\/div>\n\t\t\t\t<\/div>\n\t\t\t\t<div class=\"elementor-element elementor-element-2abdc330 elementor-align-left elementor-widget__width-auto animated-fast elementor-invisible elementor-widget elementor-widget-elementskit-button\" data-id=\"2abdc330\" data-element_type=\"widget\" data-settings=\"{&quot;_animation&quot;:&quot;pulse&quot;,&quot;_animation_delay&quot;:100,&quot;ekit_we_effect_on&quot;:&quot;none&quot;}\" data-widget_type=\"elementskit-button.default\">\n\t\t\t\t<div class=\"elementor-widget-container\">\n\t\t\t\t\t<div class=\"ekit-wid-con\" >\t\t<div class=\"ekit-btn-wraper\">\n\t\t\t\t\t\t\t<a href=\"\/en\/booking-system-for-interior-photographers\/\" class=\"elementskit-btn  whitespace--normal\" id=\"\">\n\t\t\t\t\tSee more features and benefits<i class=\"icon icon-right-arrow1\"><\/i>\t\t\t\t<\/a>\n\t\t\t\t\t<\/div>\n        <\/div>\t\t\t\t<\/div>\n\t\t\t\t<\/div>\n\t\t\t\t<\/div>\n\t\t<div class=\"elementor-element elementor-element-81b997d e-con-full animated-fast e-flex elementor-invisible e-con e-child\" data-id=\"81b997d\" data-element_type=\"container\" data-settings=\"{&quot;background_background&quot;:&quot;classic&quot;,&quot;animation&quot;:&quot;fadeInUp&quot;,&quot;animation_delay&quot;:200}\">\n\t\t\t\t<div class=\"elementor-element elementor-element-e415dd2 elementor-widget elementor-widget-image\" data-id=\"e415dd2\" data-element_type=\"widget\" data-settings=\"{&quot;ekit_we_effect_on&quot;:&quot;none&quot;}\" data-widget_type=\"image.default\">\n\t\t\t\t<div class=\"elementor-widget-container\">\n\t\t\t\t\t\t\t\t\t\t\t\t\t\t\t<img fetchpriority=\"high\" decoding=\"async\" width=\"512\" height=\"512\" src=\"https:\/\/magnamulti.dk\/wp-content\/uploads\/2025\/01\/cropped-favicon-magna-multi.png\" class=\"attachment-full size-full wp-image-20\" alt=\"\" srcset=\"https:\/\/magnamulti.dk\/wp-content\/uploads\/2025\/01\/cropped-favicon-magna-multi.png 512w, https:\/\/magnamulti.dk\/wp-content\/uploads\/2025\/01\/cropped-favicon-magna-multi-270x270.png 270w, https:\/\/magnamulti.dk\/wp-content\/uploads\/2025\/01\/cropped-favicon-magna-multi-192x192.png 192w, https:\/\/magnamulti.dk\/wp-content\/uploads\/2025\/01\/cropped-favicon-magna-multi-180x180.png 180w, https:\/\/magnamulti.dk\/wp-content\/uploads\/2025\/01\/cropped-favicon-magna-multi-32x32.png 32w\" sizes=\"(max-width: 512px) 100vw, 512px\" loading=\"eager\" \/>\t\t\t\t\t\t\t\t\t\t\t\t\t\t\t<\/div>\n\t\t\t\t<\/div>\n\t\t\t\t<\/div>\n\t\t\t\t\t<\/div>\n\t\t\t\t<\/div>\n\t\t<div class=\"elementor-element elementor-element-7528563a e-flex e-con-boxed e-con e-parent\" data-id=\"7528563a\" data-element_type=\"container\" data-settings=\"{&quot;background_background&quot;:&quot;classic&quot;}\">\n\t\t\t\t\t<div class=\"e-con-inner\">\n\t\t<div class=\"elementor-element elementor-element-6a0b0063 e-con-full e-flex e-con e-child\" data-id=\"6a0b0063\" data-element_type=\"container\" data-settings=\"{&quot;background_background&quot;:&quot;classic&quot;}\">\n\t\t\t\t<div class=\"elementor-element elementor-element-537f7bf7 elementor-widget__width-initial animated-fast elementor-invisible elementor-widget elementor-widget-elementskit-heading\" data-id=\"537f7bf7\" data-element_type=\"widget\" data-settings=\"{&quot;_animation&quot;:&quot;fadeIn&quot;,&quot;ekit_we_effect_on&quot;:&quot;none&quot;}\" data-widget_type=\"elementskit-heading.default\">\n\t\t\t\t<div class=\"elementor-widget-container\">\n\t\t\t\t\t<div class=\"ekit-wid-con\" ><div class=\"ekit-heading elementskit-section-title-wraper text_center   ekit_heading_tablet-   ekit_heading_mobile-\"><h2 class=\"ekit-heading--title elementskit-section-title\">We know the industry <span><span>from the inside<\/span><\/span><\/h2>\t\t\t\t<div class='ekit-heading__description'>\n\t\t\t\t\t<p><strong>Behind Magna Multi are Brian, Cecilie and Matt <\/strong><br \/><strong>- a software developer and two photographers.<\/strong><\/p>\n\t\t\t\t<\/div>\n\t\t\t<\/div><\/div>\t\t\t\t<\/div>\n\t\t\t\t<\/div>\n\t\t\t\t<\/div>\n\t\t\t\t\t<\/div>\n\t\t\t\t<\/div>\n\t\t<div class=\"elementor-element elementor-element-88d1d1a e-flex e-con-boxed e-con e-parent\" data-id=\"88d1d1a\" data-element_type=\"container\" data-settings=\"{&quot;background_background&quot;:&quot;classic&quot;}\">\n\t\t\t\t\t<div class=\"e-con-inner\">\n\t\t<div class=\"elementor-element elementor-element-0a4b101 e-con-full e-flex e-con e-child\" data-id=\"0a4b101\" data-element_type=\"container\">\n\t\t<div class=\"elementor-element elementor-element-de28b2e e-con-full e-flex e-con e-child\" data-id=\"de28b2e\" data-element_type=\"container\">\n\t\t\t\t<div class=\"elementor-element elementor-element-8a5349a elementor-widget elementor-widget-image\" data-id=\"8a5349a\" data-element_type=\"widget\" data-settings=\"{&quot;ekit_we_effect_on&quot;:&quot;none&quot;}\" data-widget_type=\"image.default\">\n\t\t\t\t<div class=\"elementor-widget-container\">\n\t\t\t\t\t\t\t\t\t\t\t\t\t\t\t<img decoding=\"async\" width=\"710\" height=\"455\" src=\"https:\/\/magnamulti.dk\/wp-content\/uploads\/2025\/05\/Mockup-mangamulti-800px-710x455-copy.webp\" class=\"attachment-full size-full wp-image-23594\" alt=\"\" loading=\"eager\" \/>\t\t\t\t\t\t\t\t\t\t\t\t\t\t\t<\/div>\n\t\t\t\t<\/div>\n\t\t\t\t<\/div>\n\t\t<div class=\"elementor-element elementor-element-3757c7b e-con-full e-flex e-con e-child\" data-id=\"3757c7b\" data-element_type=\"container\">\n\t\t\t\t<div class=\"elementor-element elementor-element-3799611 elementor-widget elementor-widget-text-editor\" data-id=\"3799611\" data-element_type=\"widget\" data-settings=\"{&quot;ekit_we_effect_on&quot;:&quot;none&quot;}\" data-widget_type=\"text-editor.default\">\n\t\t\t\t<div class=\"elementor-widget-container\">\n\t\t\t\t\t\t\t\t\t<p><strong>Cecilie and Matt<\/strong> have worked as photographers for more than 15 years. For many of those years, they have been looking for a system that provides an overview and frees up time for photography and developing their business. Magna Multi was initially created for their own use, but now all photographers can benefit from its many features.<\/p><p><strong>Brian<\/strong> has helped develop Mindworking, which the majority of <a href=\"\/en\/sledgehammer\/\">Estate agents in Denmark<\/a> working in. This experience is crucial for Magna Multi to interact naturally with the agents' systems and feel familiar to the agents from the first booking. That's why property photographers are particularly fond of Magna Multi.<\/p><p><strong>Together<\/strong> we've made Magna Multi the perfect all-in-one solution for independent photographers.<\/p>\t\t\t\t\t\t\t\t<\/div>\n\t\t\t\t<\/div>\n\t\t\t\t<div class=\"elementor-element elementor-element-c16f9f7 elementor-widget elementor-widget-text-editor\" data-id=\"c16f9f7\" data-element_type=\"widget\" data-settings=\"{&quot;ekit_we_effect_on&quot;:&quot;none&quot;}\" data-widget_type=\"text-editor.default\">\n\t\t\t\t<div class=\"elementor-widget-container\">\n\t\t\t\t\t\t\t\t\t<p><strong><a href=\"\/en\/customer-cases\/\">Read what other photographers think about Magna Multi<\/a><\/strong><\/p>\t\t\t\t\t\t\t\t<\/div>\n\t\t\t\t<\/div>\n\t\t\t\t<\/div>\n\t\t\t\t<\/div>\n\t\t\t\t\t<\/div>\n\t\t\t\t<\/div>\n\t\t<div class=\"elementor-element elementor-element-eb7bcfa e-flex e-con-boxed e-con e-parent\" data-id=\"eb7bcfa\" data-element_type=\"container\">\n\t\t\t\t\t<div class=\"e-con-inner\">\n\t\t<div class=\"elementor-element elementor-element-6db52cb e-con-full e-flex e-con e-child\" data-id=\"6db52cb\" data-element_type=\"container\">\n\t\t<div class=\"elementor-element elementor-element-33e5523 e-con-full e-flex e-con e-child\" data-id=\"33e5523\" data-element_type=\"container\">\n\t\t\t\t<div class=\"elementor-element elementor-element-6924173 animated-fast elementor-invisible elementor-widget elementor-widget-elementskit-heading\" data-id=\"6924173\" data-element_type=\"widget\" data-settings=\"{&quot;_animation&quot;:&quot;fadeIn&quot;,&quot;_animation_delay&quot;:100,&quot;ekit_we_effect_on&quot;:&quot;none&quot;}\" data-widget_type=\"elementskit-heading.default\">\n\t\t\t\t<div class=\"elementor-widget-container\">\n\t\t\t\t\t<div class=\"ekit-wid-con\" ><div class=\"ekit-heading elementskit-section-title-wraper text_left   ekit_heading_tablet-   ekit_heading_mobile-\"><h6 class=\"elementskit-section-subtitle   ekit-heading__subtitle-has-border\">\n\t\t\t\t\t\tFeel the freedom\n\t\t\t\t\t<\/h6><h2 class=\"ekit-heading--title elementskit-section-title\">Your business. Your brand. <span><span>Your terms<\/span><\/span><\/h2>\t\t\t\t<div class='ekit-heading__description'>\n\t\t\t\t\t<p>Magna Multi brings together booking, scheduling, communication and administration in one professional system - with your brand at the centre. Built for photographers who want more freedom to focus on their core business.<\/p>\n\t\t\t\t<\/div>\n\t\t\t<\/div><\/div>\t\t\t\t<\/div>\n\t\t\t\t<\/div>\n\t\t<div class=\"elementor-element elementor-element-174eed4 e-con-full e-flex e-con e-child\" data-id=\"174eed4\" data-element_type=\"container\">\n\t\t\t\t<div class=\"elementor-element elementor-element-cd74494 elementor-align-left elementor-widget__width-auto animated-fast elementor-invisible elementor-widget elementor-widget-elementskit-button\" data-id=\"cd74494\" data-element_type=\"widget\" data-settings=\"{&quot;_animation&quot;:&quot;pulse&quot;,&quot;_animation_delay&quot;:200,&quot;ekit_we_effect_on&quot;:&quot;none&quot;}\" data-widget_type=\"elementskit-button.default\">\n\t\t\t\t<div class=\"elementor-widget-container\">\n\t\t\t\t\t<div class=\"ekit-wid-con\" >\t\t<div class=\"ekit-btn-wraper\">\n\t\t\t\t\t\t\t<a href=\"\/en\/contact-us\/\" class=\"elementskit-btn  whitespace--normal\" id=\"\">\n\t\t\t\t\tBook a system review<i class=\"icon icon-right-arrow1\"><\/i>\t\t\t\t<\/a>\n\t\t\t\t\t<\/div>\n        <\/div>\t\t\t\t<\/div>\n\t\t\t\t<\/div>\n\t\t\t\t<\/div>\n\t\t\t\t<\/div>\n\t\t\t\t<\/div>\n\t\t<div class=\"elementor-element elementor-element-89e34f0 e-con-full e-flex e-con e-child\" data-id=\"89e34f0\" data-element_type=\"container\">\n\t\t<div class=\"elementor-element elementor-element-1654925 e-con-full e-flex e-con e-child\" data-id=\"1654925\" data-element_type=\"container\">\n\t\t\t\t<div class=\"elementor-element elementor-element-150e970 elementor-widget__width-auto animated-fast elementor-invisible elementor-widget elementor-widget-image\" data-id=\"150e970\" data-element_type=\"widget\" data-settings=\"{&quot;_animation&quot;:&quot;fadeInUp&quot;,&quot;_animation_delay&quot;:200,&quot;ekit_we_effect_on&quot;:&quot;none&quot;}\" data-widget_type=\"image.default\">\n\t\t\t\t<div class=\"elementor-widget-container\">\n\t\t\t\t\t\t\t\t\t\t\t\t\t\t\t<img decoding=\"async\" width=\"1000\" height=\"613\" src=\"https:\/\/magnamulti.dk\/wp-content\/uploads\/2025\/01\/magna-multi-illustration-trim.png\" class=\"attachment-full size-full wp-image-22703\" alt=\"Illustration with female photographer showing the workflow of Magna Multi for interior photographers\" srcset=\"https:\/\/magnamulti.dk\/wp-content\/uploads\/2025\/01\/magna-multi-illustration-trim.png 1000w, https:\/\/magnamulti.dk\/wp-content\/uploads\/2025\/01\/magna-multi-illustration-trim-800x490.png 800w, https:\/\/magnamulti.dk\/wp-content\/uploads\/2025\/01\/magna-multi-illustration-trim-768x471.png 768w, https:\/\/magnamulti.dk\/wp-content\/uploads\/2025\/01\/magna-multi-illustration-trim-710x435.png 710w\" sizes=\"(max-width: 1000px) 100vw, 1000px\" loading=\"eager\" \/>\t\t\t\t\t\t\t\t\t\t\t\t\t\t\t<\/div>\n\t\t\t\t<\/div>\n\t\t\t\t<\/div>\n\t\t\t\t<\/div>\n\t\t\t\t\t<\/div>\n\t\t\t\t<\/div>\n\t\t\t\t<\/div>","protected":false},"excerpt":{"rendered":"<p>OM MAGNA MULTI Bygget p\u00e5 egne erfaringer for at hj\u00e6lpe andre selvst\u00e6ndige fotografer Mindre administration Mere frihed Fuld kontrol over egen forretning Det er kort sagt det, selvst\u00e6ndige fotografer f\u00e5r med Magna Multi. Vi har udviklet vores eget bookingsystem, fordi vi s\u00e5 et stort behov for at samle og automatisere flere funktioner i \u00e9t komplet [&hellip;]<\/p>","protected":false},"author":1,"featured_media":22762,"parent":0,"menu_order":5,"comment_status":"closed","ping_status":"closed","template":"","meta":{"footnotes":""},"class_list":["post-23914","page","type-page","status-publish","has-post-thumbnail","hentry"],"_links":{"self":[{"href":"https:\/\/magnamulti.dk\/en\/wp-json\/wp\/v2\/pages\/23914","targetHints":{"allow":["GET"]}}],"collection":[{"href":"https:\/\/magnamulti.dk\/en\/wp-json\/wp\/v2\/pages"}],"about":[{"href":"https:\/\/magnamulti.dk\/en\/wp-json\/wp\/v2\/types\/page"}],"author":[{"embeddable":true,"href":"https:\/\/magnamulti.dk\/en\/wp-json\/wp\/v2\/users\/1"}],"replies":[{"embeddable":true,"href":"https:\/\/magnamulti.dk\/en\/wp-json\/wp\/v2\/comments?post=23914"}],"version-history":[{"count":5,"href":"https:\/\/magnamulti.dk\/en\/wp-json\/wp\/v2\/pages\/23914\/revisions"}],"predecessor-version":[{"id":23931,"href":"https:\/\/magnamulti.dk\/en\/wp-json\/wp\/v2\/pages\/23914\/revisions\/23931"}],"wp:featuredmedia":[{"embeddable":true,"href":"https:\/\/magnamulti.dk\/en\/wp-json\/wp\/v2\/media\/22762"}],"wp:attachment":[{"href":"https:\/\/magnamulti.dk\/en\/wp-json\/wp\/v2\/media?parent=23914"}],"curies":[{"name":"wp","href":"https:\/\/api.w.org\/{rel}","templated":true}]}}