{"id":24059,"date":"2026-02-19T12:17:47","date_gmt":"2026-02-19T12:17:47","guid":{"rendered":"https:\/\/magnamulti.dk\/?page_id=24059"},"modified":"2026-02-25T15:02:49","modified_gmt":"2026-02-25T15:02:49","slug":"insight","status":"publish","type":"page","link":"https:\/\/magnamulti.dk\/en\/insight\/","title":{"rendered":"Insights"},"content":{"rendered":"<div data-elementor-type=\"wp-page\" data-elementor-id=\"24059\" class=\"elementor elementor-24059\">\n\t\t\t\t<div class=\"elementor-element elementor-element-c3060d4 sticky-section e-flex e-con-boxed e-con e-parent\" data-id=\"c3060d4\" data-element_type=\"container\" id=\"section1\" data-settings=\"{&quot;background_background&quot;:&quot;classic&quot;}\">\n\t\t\t\t\t<div class=\"e-con-inner\">\n\t\t<div class=\"elementor-element elementor-element-f42a165 e-con-full e-flex e-con e-child\" data-id=\"f42a165\" data-element_type=\"container\">\n\t\t\t\t<div class=\"elementor-element elementor-element-6962b53 animated-fast elementor-widget__width-initial elementor-invisible elementor-widget elementor-widget-elementskit-heading\" data-id=\"6962b53\" data-element_type=\"widget\" data-settings=\"{&quot;_animation&quot;:&quot;fadeIn&quot;,&quot;_animation_delay&quot;:100,&quot;ekit_we_effect_on&quot;:&quot;none&quot;}\" data-widget_type=\"elementskit-heading.default\">\n\t\t\t\t<div class=\"elementor-widget-container\">\n\t\t\t\t\t<div class=\"ekit-wid-con\" ><div class=\"ekit-heading elementskit-section-title-wraper text_center   ekit_heading_tablet-   ekit_heading_mobile-\"><h6 class=\"elementskit-section-subtitle   ekit-heading__subtitle-has-border\">\n\t\t\t\t\t\tINSIGHT\n\t\t\t\t\t<\/h6><h1 class=\"ekit-heading--title elementskit-section-title\">Guides, cases and articles for <span><span>freelance photographers<\/span><\/span><\/h1>\t\t\t\t<div class='ekit-heading__description'>\n\t\t\t\t\t<p>See how the right booking system gives you more freedom.<\/p>\n\t\t\t\t<\/div>\n\t\t\t<\/div><\/div>\t\t\t\t<\/div>\n\t\t\t\t<\/div>\n\t\t\t\t<\/div>\n\t\t\t\t\t<\/div>\n\t\t\t\t<\/div>\n\t\t<div class=\"elementor-element elementor-element-7528563a e-flex e-con-boxed e-con e-parent\" data-id=\"7528563a\" data-element_type=\"container\" data-settings=\"{&quot;background_background&quot;:&quot;classic&quot;}\">\n\t\t\t\t\t<div class=\"e-con-inner\">\n\t\t<div class=\"elementor-element elementor-element-6a0b0063 e-con-full e-flex e-con e-child\" data-id=\"6a0b0063\" data-element_type=\"container\" data-settings=\"{&quot;background_background&quot;:&quot;classic&quot;}\">\n\t\t\t\t<div class=\"elementor-element elementor-element-3f08201 elementor-widget elementor-widget-elementskit-blog-posts\" data-id=\"3f08201\" data-element_type=\"widget\" data-settings=\"{&quot;ekit_we_effect_on&quot;:&quot;none&quot;}\" data-widget_type=\"elementskit-blog-posts.default\">\n\t\t\t\t<div class=\"elementor-widget-container\">\n\t\t\t\t\t<div class=\"ekit-wid-con\" >\n        <div id=\"post-items--3f08201\" class=\"row post-items ekit-blog-posts-content wihout-masonry\" data-enable=\"no\">\n\n\t\t\t<!-- Blog Carousel markup render -->\n\t\t\t\n\n            <div class=\"col-md-12\">\n\n                                    <div class=\"elementskit-blog-block-post\">\n                        <div class=\"row no-gutters\">\n                                                            <div class=\"col-md-6 order-1\">\n                                    <a href=\"https:\/\/magnamulti.dk\/en\/blog\/2026\/04\/01\/the-bigger-the-case-the-easier-it-is-to-be-a-self-employed-property-photographer\/\" class=\"elementskit-entry-thumb\">\n                                        <img decoding=\"async\" src=\"https:\/\/magnamulti.dk\/wp-content\/uploads\/2026\/04\/rune-andersen-1024x683-1.jpg\" alt=\"Case: \u201dMagna Multi makes it easier to be a self-employed property photographer\u201d\">\n                                    <\/a><!-- .elementskit-entry-thumb END -->\n                                <\/div>\n                            \n                            <div class=\"col-md-6 order-2\">\n                                <div class=\"elementskit-post-body\">\n                                    <div class=\"elementskit-entry-header\">\n                                        \n                                                                                                                                                                        \n                                            \n                                            \t\t\t\t\t\t\t\t\t\t\t\t                <h2 class=\"entry-title\">\n                    <a href=\"https:\/\/magnamulti.dk\/en\/blog\/2026\/04\/01\/the-bigger-the-case-the-easier-it-is-to-be-a-self-employed-property-photographer\/\">\n                            Case: \u201dMagna Multi makes it easier to be a self-employed property photographer\u201d                    <\/a>\n                <\/h2>\n                                                                                                <\/div><!-- .elementskit-entry-header END -->\n\n                                                                            <div class=\"elementskit-post-footer\">\n                                            \t\t\t\t\t\t\t\t\t\t\t\t<p>As a long-time property photographer in a setup where all processes were centralised, Rune K\u00e6seler Andersen missed being independent and having more influence over his work. But how does one go from being a subcontractor in a large machine to doing it yourself...<\/p>\n                                                                                                                                <\/div><!-- .elementskit-post-footer END -->\n                                                                    <\/div><!-- .elementskit-post-body END -->\n                            <\/div>\n                        <\/div>\n                    <\/div><!-- .elementskit-blog-block-post .radius .gradient-bg END -->\n                \n            <\/div>\t\t\t\t\n\n            <div class=\"col-md-12\">\n\n                                    <div class=\"elementskit-blog-block-post\">\n                        <div class=\"row no-gutters\">\n                                                            <div class=\"col-md-6 order-1\">\n                                    <a href=\"https:\/\/magnamulti.dk\/en\/blog\/2026\/02\/19\/case-magna-multi-creates-structure-in-a-creative-agency\/\" class=\"elementskit-entry-thumb\">\n                                        <img decoding=\"async\" src=\"https:\/\/magnamulti.dk\/wp-content\/uploads\/2026\/02\/etkreativtbureau-1024x683.jpg\" alt=\"Case: Magna Multi creates structure in a creative agency\">\n                                    <\/a><!-- .elementskit-entry-thumb END -->\n                                <\/div>\n                            \n                            <div class=\"col-md-6 order-2\">\n                                <div class=\"elementskit-post-body\">\n                                    <div class=\"elementskit-entry-header\">\n                                        \n                                                                                                                                                                        \n                                            \n                                            \t\t\t\t\t\t\t\t\t\t\t\t                <h2 class=\"entry-title\">\n                    <a href=\"https:\/\/magnamulti.dk\/en\/blog\/2026\/02\/19\/case-magna-multi-creates-structure-in-a-creative-agency\/\">\n                            Case: Magna Multi creates structure in a creative agency                    <\/a>\n                <\/h2>\n                                                                                                <\/div><!-- .elementskit-entry-header END -->\n\n                                                                            <div class=\"elementskit-post-footer\">\n                                            \t\t\t\t\t\t\t\t\t\t\t\t<p>Creativity requires freedom, but in a multi-staff agency it also requires structure. At a creative agency, Magna Multi has combined bookings, overview and delivery in one flexible booking system. Founder Steffen Evers is pleased with the flexible solution that brings everything together....<\/p>\n                                                                                                                                <\/div><!-- .elementskit-post-footer END -->\n                                                                    <\/div><!-- .elementskit-post-body END -->\n                            <\/div>\n                        <\/div>\n                    <\/div><!-- .elementskit-blog-block-post .radius .gradient-bg END -->\n                \n            <\/div>\t\t\t\t\n\n            <div class=\"col-md-12\">\n\n                                    <div class=\"elementskit-blog-block-post\">\n                        <div class=\"row no-gutters\">\n                                                            <div class=\"col-md-6 order-1\">\n                                    <a href=\"https:\/\/magnamulti.dk\/en\/blog\/2026\/01\/10\/6-features-a-professional-booking-system-for-photographers-should-have\/\" class=\"elementskit-entry-thumb\">\n                                        <img decoding=\"async\" src=\"https:\/\/magnamulti.dk\/wp-content\/uploads\/2025\/01\/Platforme-magna-multi.jpg\" alt=\"6 features a professional booking system for photographers should have\">\n                                    <\/a><!-- .elementskit-entry-thumb END -->\n                                <\/div>\n                            \n                            <div class=\"col-md-6 order-2\">\n                                <div class=\"elementskit-post-body\">\n                                    <div class=\"elementskit-entry-header\">\n                                        \n                                                                                                                                                                        \n                                            \n                                            \t\t\t\t\t\t\t\t\t\t\t\t                <h2 class=\"entry-title\">\n                    <a href=\"https:\/\/magnamulti.dk\/en\/blog\/2026\/01\/10\/6-features-a-professional-booking-system-for-photographers-should-have\/\">\n                            6 features a professional booking system for photographers should have                    <\/a>\n                <\/h2>\n                                                                                                <\/div><!-- .elementskit-entry-header END -->\n\n                                                                            <div class=\"elementskit-post-footer\">\n                                            \t\t\t\t\t\t\t\t\t\t\t\t<p>(+ 1 extra feature for interior photographers) With the right booking system, as a self-employed photographer you get a personal assistant to help you with everything that's not about photography. Structure, overview and communication create a professional workflow from booking to delivery and beyond.<\/p>\n                                                                                                                                <\/div><!-- .elementskit-post-footer END -->\n                                                                    <\/div><!-- .elementskit-post-body END -->\n                            <\/div>\n                        <\/div>\n                    <\/div><!-- .elementskit-blog-block-post .radius .gradient-bg END -->\n                \n            <\/div>\t\t\t\t        <\/div>\n        \n        \n        <\/div>\t\t\t\t<\/div>\n\t\t\t\t<\/div>\n\t\t\t\t<\/div>\n\t\t\t\t\t<\/div>\n\t\t\t\t<\/div>\n\t\t<div class=\"elementor-element elementor-element-eb7bcfa e-flex e-con-boxed e-con e-parent\" data-id=\"eb7bcfa\" data-element_type=\"container\">\n\t\t\t\t\t<div class=\"e-con-inner\">\n\t\t<div class=\"elementor-element elementor-element-6db52cb e-con-full e-flex e-con e-child\" data-id=\"6db52cb\" data-element_type=\"container\">\n\t\t<div class=\"elementor-element elementor-element-33e5523 e-con-full e-flex e-con e-child\" data-id=\"33e5523\" data-element_type=\"container\">\n\t\t\t\t<div class=\"elementor-element elementor-element-6924173 animated-fast elementor-invisible elementor-widget elementor-widget-elementskit-heading\" data-id=\"6924173\" data-element_type=\"widget\" data-settings=\"{&quot;_animation&quot;:&quot;fadeIn&quot;,&quot;_animation_delay&quot;:100,&quot;ekit_we_effect_on&quot;:&quot;none&quot;}\" data-widget_type=\"elementskit-heading.default\">\n\t\t\t\t<div class=\"elementor-widget-container\">\n\t\t\t\t\t<div class=\"ekit-wid-con\" ><div class=\"ekit-heading elementskit-section-title-wraper text_left   ekit_heading_tablet-   ekit_heading_mobile-\"><h6 class=\"elementskit-section-subtitle   ekit-heading__subtitle-has-border\">\n\t\t\t\t\t\tFeel the freedom\n\t\t\t\t\t<\/h6><h2 class=\"ekit-heading--title elementskit-section-title\">Your business. Your brand. <span><span>Your terms<\/span><\/span><\/h2>\t\t\t\t<div class='ekit-heading__description'>\n\t\t\t\t\t<p>Magna Multi brings together booking, scheduling, communication and administration in one professional system - with your brand at the centre. Built for photographers who want more freedom to focus on their core business.<\/p>\n\t\t\t\t<\/div>\n\t\t\t<\/div><\/div>\t\t\t\t<\/div>\n\t\t\t\t<\/div>\n\t\t<div class=\"elementor-element elementor-element-174eed4 e-con-full e-flex e-con e-child\" data-id=\"174eed4\" data-element_type=\"container\">\n\t\t\t\t<div class=\"elementor-element elementor-element-cd74494 elementor-align-left elementor-widget__width-auto animated-fast elementor-invisible elementor-widget elementor-widget-elementskit-button\" data-id=\"cd74494\" data-element_type=\"widget\" data-settings=\"{&quot;_animation&quot;:&quot;pulse&quot;,&quot;_animation_delay&quot;:200,&quot;ekit_we_effect_on&quot;:&quot;none&quot;}\" data-widget_type=\"elementskit-button.default\">\n\t\t\t\t<div class=\"elementor-widget-container\">\n\t\t\t\t\t<div class=\"ekit-wid-con\" >\t\t<div class=\"ekit-btn-wraper\">\n\t\t\t\t\t\t\t<a href=\"\/en\/contact-us\/\" class=\"elementskit-btn  whitespace--normal\" id=\"\">\n\t\t\t\t\tBook a system review<i class=\"icon icon-right-arrow1\"><\/i>\t\t\t\t<\/a>\n\t\t\t\t\t<\/div>\n        <\/div>\t\t\t\t<\/div>\n\t\t\t\t<\/div>\n\t\t\t\t<\/div>\n\t\t\t\t<\/div>\n\t\t\t\t<\/div>\n\t\t<div class=\"elementor-element elementor-element-89e34f0 e-con-full e-flex e-con e-child\" data-id=\"89e34f0\" data-element_type=\"container\">\n\t\t<div class=\"elementor-element elementor-element-1654925 e-con-full e-flex e-con e-child\" data-id=\"1654925\" data-element_type=\"container\">\n\t\t\t\t<div class=\"elementor-element elementor-element-150e970 elementor-widget__width-auto animated-fast elementor-invisible elementor-widget elementor-widget-image\" data-id=\"150e970\" data-element_type=\"widget\" data-settings=\"{&quot;_animation&quot;:&quot;fadeInUp&quot;,&quot;_animation_delay&quot;:200,&quot;ekit_we_effect_on&quot;:&quot;none&quot;}\" data-widget_type=\"image.default\">\n\t\t\t\t<div class=\"elementor-widget-container\">\n\t\t\t\t\t\t\t\t\t\t\t\t\t\t\t<img fetchpriority=\"high\" decoding=\"async\" width=\"1000\" height=\"613\" src=\"https:\/\/magnamulti.dk\/wp-content\/uploads\/2025\/01\/magna-multi-illustration-trim.png\" class=\"attachment-full size-full wp-image-22703\" alt=\"Illustration with female photographer showing the workflow of Magna Multi for interior photographers\" srcset=\"https:\/\/magnamulti.dk\/wp-content\/uploads\/2025\/01\/magna-multi-illustration-trim.png 1000w, https:\/\/magnamulti.dk\/wp-content\/uploads\/2025\/01\/magna-multi-illustration-trim-800x490.png 800w, https:\/\/magnamulti.dk\/wp-content\/uploads\/2025\/01\/magna-multi-illustration-trim-768x471.png 768w, https:\/\/magnamulti.dk\/wp-content\/uploads\/2025\/01\/magna-multi-illustration-trim-710x435.png 710w\" sizes=\"(max-width: 1000px) 100vw, 1000px\" loading=\"eager\" \/>\t\t\t\t\t\t\t\t\t\t\t\t\t\t\t<\/div>\n\t\t\t\t<\/div>\n\t\t\t\t<\/div>\n\t\t\t\t<\/div>\n\t\t\t\t\t<\/div>\n\t\t\t\t<\/div>\n\t\t\t\t<\/div>","protected":false},"excerpt":{"rendered":"<p>INDSIGT Guides, cases og artikler til selvst\u00e6ndige fotografer Se, hvordan det rette bookingsystem giver mere frihed. Case: Magna Multi skaber struktur i et kreativt bureau Kreativitet kr\u00e6ver frihed, men i et bureau med flere medarbejdere kr\u00e6ver det ogs\u00e5 struktur. Hos et kreativt bureau har Magna Multi samlet bestillinger, overblik og levering i \u00e9t fleksibelt bookingsystem. [&hellip;] <\/p>","protected":false},"author":1,"featured_media":22762,"parent":0,"menu_order":5,"comment_status":"closed","ping_status":"closed","template":"","meta":{"footnotes":""},"class_list":["post-24059","page","type-page","status-publish","has-post-thumbnail","hentry"],"_links":{"self":[{"href":"https:\/\/magnamulti.dk\/en\/wp-json\/wp\/v2\/pages\/24059","targetHints":{"allow":["GET"]}}],"collection":[{"href":"https:\/\/magnamulti.dk\/en\/wp-json\/wp\/v2\/pages"}],"about":[{"href":"https:\/\/magnamulti.dk\/en\/wp-json\/wp\/v2\/types\/page"}],"author":[{"embeddable":true,"href":"https:\/\/magnamulti.dk\/en\/wp-json\/wp\/v2\/users\/1"}],"replies":[{"embeddable":true,"href":"https:\/\/magnamulti.dk\/en\/wp-json\/wp\/v2\/comments?post=24059"}],"version-history":[{"count":16,"href":"https:\/\/magnamulti.dk\/en\/wp-json\/wp\/v2\/pages\/24059\/revisions"}],"predecessor-version":[{"id":24248,"href":"https:\/\/magnamulti.dk\/en\/wp-json\/wp\/v2\/pages\/24059\/revisions\/24248"}],"wp:featuredmedia":[{"embeddable":true,"href":"https:\/\/magnamulti.dk\/en\/wp-json\/wp\/v2\/media\/22762"}],"wp:attachment":[{"href":"https:\/\/magnamulti.dk\/en\/wp-json\/wp\/v2\/media?parent=24059"}],"curies":[{"name":"wp","href":"https:\/\/api.w.org\/{rel}","templated":true}]}}